{"id":10,"date":"2025-10-02T11:01:53","date_gmt":"2025-10-02T09:01:53","guid":{"rendered":"https:\/\/monaamer.com\/?page_id=10"},"modified":"2025-10-20T10:34:10","modified_gmt":"2025-10-20T08:34:10","slug":"home","status":"publish","type":"page","link":"https:\/\/monaamer.com\/","title":{"rendered":"Home"},"content":{"rendered":"\t\t<div data-elementor-type=\"wp-page\" data-elementor-id=\"10\" class=\"elementor elementor-10\" data-elementor-post-type=\"page\">\n\t\t\t\t<div class=\"elementor-element elementor-element-569bafd e-con-full e-flex e-con e-parent\" data-id=\"569bafd\" data-element_type=\"container\" data-settings=\"{&quot;background_background&quot;:&quot;slideshow&quot;,&quot;background_slideshow_gallery&quot;:[{&quot;id&quot;:15,&quot;url&quot;:&quot;https:\\\/\\\/monaamer.com\\\/wp-content\\\/uploads\\\/2025\\\/10\\\/2-scaled.jpg&quot;},{&quot;id&quot;:18,&quot;url&quot;:&quot;https:\\\/\\\/monaamer.com\\\/wp-content\\\/uploads\\\/2025\\\/10\\\/4-Duzy.jpeg&quot;},{&quot;id&quot;:19,&quot;url&quot;:&quot;https:\\\/\\\/monaamer.com\\\/wp-content\\\/uploads\\\/2025\\\/10\\\/3-Duzy.jpeg&quot;}],&quot;background_slideshow_loop&quot;:&quot;yes&quot;,&quot;background_slideshow_slide_duration&quot;:5000,&quot;background_slideshow_slide_transition&quot;:&quot;fade&quot;,&quot;background_slideshow_transition_duration&quot;:500}\">\n\t\t\t\t<div class=\"elementor-element elementor-element-bce73b4 elementor-widget elementor-widget-html\" data-id=\"bce73b4\" data-element_type=\"widget\" data-widget_type=\"html.default\">\n\t\t\t\t\t<div class=\"line-animation-wrapper\">\n  <div class=\"line left\"><\/div>\n  <img decoding=\"async\" src=\"https:\/\/monaamer.com\/wp-content\/uploads\/2025\/10\/Zrzut_ekranu_2025-10-17_o_10.56.07-removebg-preview.png\" alt=\"Logo\" class=\"center-logo\" \/>\n  <div class=\"line right\"><\/div>\n<\/div>\n\t\t\t\t<\/div>\n\t\t\t\t<div class=\"elementor-element elementor-element-17bdec2 elementor-widget elementor-widget-html\" data-id=\"17bdec2\" data-element_type=\"widget\" data-widget_type=\"html.default\">\n\t\t\t\t\t<script>\nconst leftLine = document.querySelector('.line.left');\nconst rightLine = document.querySelector('.line.right');\nconst logo = document.querySelector('.center-logo');\n\nfunction startLineAnimation() {\n  \/\/ Reset element\u00f3w\n  leftLine.style.width = '0';\n  leftLine.style.opacity = '1';\n  rightLine.style.width = '0';\n  rightLine.style.opacity = '1';\n  logo.style.opacity = '0';\n  logo.style.transform = 'scale(0.8)';\n\n  \/\/ Lewa linia\n  leftLine.animate([\n    { width: '0', opacity: 1 },\n    { width: 'calc(50% - 140px)', opacity: 1 }\n  ], { duration: 2000, fill: 'forwards' });\n\n  \/\/ Logo\n  logo.animate([\n    { opacity: 0, transform: 'scale(0.8)' },\n    { opacity: 1, transform: 'scale(1)' }\n  ], { duration: 1000, delay: 2000, fill: 'forwards' });\n\n  \/\/ Prawa linia\n  rightLine.animate([\n    { width: '0', left: 'calc(50% + 100px + 10px)', opacity: 1 },\n    { width: 'calc(50% - 100px - 10px)', left: 'calc(50% + 100px + 10px)', opacity: 1 }\n  ], { duration: 2000, delay: 2000, fill: 'forwards' });\n\n  \/\/ Po zako\u0144czeniu animacji prawej linii \u2013 reset i ponowny start\n  setTimeout(() => {\n    leftLine.style.opacity = 0;\n    rightLine.style.opacity = 0;\n    logo.style.opacity = 0;\n    setTimeout(startLineAnimation, 500); \/\/ 0.5s przerwy przed kolejnym cyklem\n  }, 4000); \/\/ 2s lewa linia + 2s prawa linia\n}\n\n\/\/ Start animacji po za\u0142adowaniu strony\nwindow.addEventListener('DOMContentLoaded', startLineAnimation);\n<\/script>\n\t\t\t\t<\/div>\n\t\t\t\t<\/div>\n\t\t<div class=\"elementor-element elementor-element-69c8acf e-flex e-con-boxed e-con e-parent\" data-id=\"69c8acf\" data-element_type=\"container\" data-settings=\"{&quot;background_background&quot;:&quot;classic&quot;}\">\n\t\t\t\t\t<div class=\"e-con-inner\">\n\t\t\t\t<div class=\"elementor-element elementor-element-03d152c elementor-widget elementor-widget-menu-anchor\" data-id=\"03d152c\" data-element_type=\"widget\" data-widget_type=\"menu-anchor.default\">\n\t\t\t\t\t\t\t<div class=\"elementor-menu-anchor\" id=\"o_mnie\"><\/div>\n\t\t\t\t\t\t<\/div>\n\t\t\t\t<div class=\"elementor-element elementor-element-1c6bb31 elementor-widget elementor-widget-heading\" data-id=\"1c6bb31\" data-element_type=\"widget\" data-widget_type=\"heading.default\">\n\t\t\t\t\t<h2 class=\"elementor-heading-title elementor-size-default\">O mnie<\/h2>\t\t\t\t<\/div>\n\t\t\t\t\t<\/div>\n\t\t\t\t<\/div>\n\t\t<div class=\"elementor-element elementor-element-b8ba32e e-flex e-con-boxed e-con e-parent\" data-id=\"b8ba32e\" data-element_type=\"container\" data-settings=\"{&quot;background_background&quot;:&quot;classic&quot;}\">\n\t\t\t\t\t<div class=\"e-con-inner\">\n\t\t<div class=\"elementor-element elementor-element-9fd2ad3 e-con-full e-flex e-con e-child\" data-id=\"9fd2ad3\" data-element_type=\"container\">\n\t\t\t\t<div class=\"elementor-element elementor-element-8fd2825 elementor-widget elementor-widget-text-editor\" data-id=\"8fd2825\" data-element_type=\"widget\" data-widget_type=\"text-editor.default\">\n\t\t\t\t\t\t\t\t\t<p>MONA AMER<\/p>\t\t\t\t\t\t\t\t<\/div>\n\t\t\t\t<div class=\"elementor-element elementor-element-b2fda51 elementor-widget elementor-widget-text-editor\" data-id=\"b2fda51\" data-element_type=\"widget\" data-widget_type=\"text-editor.default\">\n\t\t\t\t\t\t\t\t\t<p>Nazwa pracowni pochodzi od imienia i nazwiska w\u0142a\u015bcicielki firmy, posiadaj\u0105cej 20-letnie do\u015bwiadczenie w \u015bwiecie wn\u0119trzarskim, jednocze\u015bnie b\u0119d\u0105cej tw\u00f3rc\u0105 i koordynatorem wszystkich wizji i projekt\u00f3w realizowanych przez sw\u00f3j zesp\u00f3\u0142.\u00a0<\/p>\t\t\t\t\t\t\t\t<\/div>\n\t\t\t\t<div class=\"elementor-element elementor-element-fbf39cd elementor-widget elementor-widget-heading\" data-id=\"fbf39cd\" data-element_type=\"widget\" data-widget_type=\"heading.default\">\n\t\t\t\t\t<h2 class=\"elementor-heading-title elementor-size-default\">Historia marki<\/h2>\t\t\t\t<\/div>\n\t\t\t\t<div class=\"elementor-element elementor-element-f1dc920 elementor-widget elementor-widget-text-editor\" data-id=\"f1dc920\" data-element_type=\"widget\" data-widget_type=\"text-editor.default\">\n\t\t\t\t\t\t\t\t\t<p>Biuro projektowe jawi si\u0119 w bran\u017cy wn\u0119trzarskiej od ponad 15 lat, pozostawiaj\u0105c pod swoim szyldem przesz\u0142o 100 projekt\u00f3w. Obecnie siedziba pracowni znajduje si\u0119 w centrum \u0141odzi, przy ulicy Piotrkowskiej. Do zespo\u0142u nale\u017c\u0105 m\u0142odzi kre\u015blarze oraz do\u015bwiadczeni wizualizatorzy.\u00a0<\/p>\t\t\t\t\t\t\t\t<\/div>\n\t\t\t\t<\/div>\n\t\t<div class=\"elementor-element elementor-element-f800f8f e-con-full e-flex e-con e-child\" data-id=\"f800f8f\" data-element_type=\"container\">\n\t\t\t\t<div class=\"elementor-element elementor-element-031612e elementor-widget elementor-widget-image\" data-id=\"031612e\" data-element_type=\"widget\" data-settings=\"{&quot;motion_fx_motion_fx_scrolling&quot;:&quot;yes&quot;,&quot;motion_fx_translateY_effect&quot;:&quot;yes&quot;,&quot;motion_fx_translateY_speed&quot;:{&quot;unit&quot;:&quot;px&quot;,&quot;size&quot;:4,&quot;sizes&quot;:[]},&quot;motion_fx_translateY_affectedRange&quot;:{&quot;unit&quot;:&quot;%&quot;,&quot;size&quot;:&quot;&quot;,&quot;sizes&quot;:{&quot;start&quot;:0,&quot;end&quot;:100}},&quot;motion_fx_devices&quot;:[&quot;desktop&quot;,&quot;tablet&quot;,&quot;mobile&quot;]}\" data-widget_type=\"image.default\">\n\t\t\t\t\t\t\t\t\t\t\t\t\t\t\t<img fetchpriority=\"high\" decoding=\"async\" width=\"684\" height=\"1024\" src=\"https:\/\/monaamer.com\/wp-content\/uploads\/2025\/10\/MONA-AMER_ZDJECIE-WIZERUNKOWE-684x1024.png\" class=\"attachment-large size-large wp-image-72\" alt=\"\" srcset=\"https:\/\/monaamer.com\/wp-content\/uploads\/2025\/10\/MONA-AMER_ZDJECIE-WIZERUNKOWE-684x1024.png 684w, https:\/\/monaamer.com\/wp-content\/uploads\/2025\/10\/MONA-AMER_ZDJECIE-WIZERUNKOWE-200x300.png 200w, https:\/\/monaamer.com\/wp-content\/uploads\/2025\/10\/MONA-AMER_ZDJECIE-WIZERUNKOWE.png 689w\" sizes=\"(max-width: 684px) 100vw, 684px\" \/>\t\t\t\t\t\t\t\t\t\t\t\t\t\t\t<\/div>\n\t\t\t\t<\/div>\n\t\t\t\t\t<\/div>\n\t\t\t\t<\/div>\n\t\t<div class=\"elementor-element elementor-element-3a2f50a e-flex e-con-boxed e-con e-parent\" data-id=\"3a2f50a\" data-element_type=\"container\" data-settings=\"{&quot;background_background&quot;:&quot;classic&quot;}\">\n\t\t\t\t\t<div class=\"e-con-inner\">\n\t\t\t\t<div class=\"elementor-element elementor-element-3545874 elementor-widget elementor-widget-menu-anchor\" data-id=\"3545874\" data-element_type=\"widget\" data-widget_type=\"menu-anchor.default\">\n\t\t\t\t\t\t\t<div class=\"elementor-menu-anchor\" id=\"projekty\"><\/div>\n\t\t\t\t\t\t<\/div>\n\t\t\t\t<div class=\"elementor-element elementor-element-df1a2a1 elementor-widget elementor-widget-heading\" data-id=\"df1a2a1\" data-element_type=\"widget\" data-widget_type=\"heading.default\">\n\t\t\t\t\t<h2 class=\"elementor-heading-title elementor-size-default\">Projekty<\/h2>\t\t\t\t<\/div>\n\t\t\t\t<div class=\"elementor-element elementor-element-13909ce elementor-grid-4 elementor-grid-tablet-2 elementor-grid-mobile-1 elementor-widget elementor-widget-loop-grid\" data-id=\"13909ce\" data-element_type=\"widget\" data-settings=\"{&quot;template_id&quot;:&quot;48&quot;,&quot;columns&quot;:4,&quot;_skin&quot;:&quot;post&quot;,&quot;columns_tablet&quot;:&quot;2&quot;,&quot;columns_mobile&quot;:&quot;1&quot;,&quot;edit_handle_selector&quot;:&quot;[data-elementor-type=\\&quot;loop-item\\&quot;]&quot;,&quot;row_gap&quot;:{&quot;unit&quot;:&quot;px&quot;,&quot;size&quot;:&quot;&quot;,&quot;sizes&quot;:[]},&quot;row_gap_tablet&quot;:{&quot;unit&quot;:&quot;px&quot;,&quot;size&quot;:&quot;&quot;,&quot;sizes&quot;:[]},&quot;row_gap_mobile&quot;:{&quot;unit&quot;:&quot;px&quot;,&quot;size&quot;:&quot;&quot;,&quot;sizes&quot;:[]}}\" data-widget_type=\"loop-grid.post\">\n\t\t\t\t<div class=\"elementor-widget-container\">\n\t\t\t\t\t\t\t<div class=\"elementor-loop-container elementor-grid\" role=\"list\">\n\t\t<style id=\"loop-dynamic-48\">.e-loop-item-51 .elementor-element.elementor-element-8f984f7:not(.elementor-motion-effects-element-type-background), .e-loop-item-51 .elementor-element.elementor-element-8f984f7 > .elementor-motion-effects-container > .elementor-motion-effects-layer{background-image:url(\"https:\/\/monaamer.com\/wp-content\/uploads\/2025\/10\/5-scaled.jpg\");}<\/style><style id=\"loop-48\">.elementor-48 .elementor-element.elementor-element-8f984f7{--display:flex;--min-height:500px;--flex-direction:column;--container-widget-width:100%;--container-widget-height:initial;--container-widget-flex-grow:0;--container-widget-align-self:initial;--flex-wrap-mobile:wrap;}.elementor-48 .elementor-element.elementor-element-8f984f7:not(.elementor-motion-effects-element-type-background), .elementor-48 .elementor-element.elementor-element-8f984f7 > .elementor-motion-effects-container > .elementor-motion-effects-layer{background-position:center center;background-repeat:no-repeat;background-size:cover;}.elementor-48 .elementor-element.elementor-element-283da61{--display:flex;--position:absolute;--flex-direction:column;--container-widget-width:100%;--container-widget-height:initial;--container-widget-flex-grow:0;--container-widget-align-self:initial;--flex-wrap-mobile:wrap;--padding-top:0px;--padding-bottom:0px;--padding-left:0px;--padding-right:0px;bottom:0px;--z-index:2;}.elementor-48 .elementor-element.elementor-element-283da61:not(.elementor-motion-effects-element-type-background), .elementor-48 .elementor-element.elementor-element-283da61 > .elementor-motion-effects-container > .elementor-motion-effects-layer{background-color:#F0F0F0E6;}body:not(.rtl) .elementor-48 .elementor-element.elementor-element-283da61{left:0px;}body.rtl .elementor-48 .elementor-element.elementor-element-283da61{right:0px;}.elementor-widget-heading .elementor-heading-title{font-family:var( --e-global-typography-primary-font-family ), Sans-serif;font-weight:var( --e-global-typography-primary-font-weight );color:var( --e-global-color-primary );}.elementor-48 .elementor-element.elementor-element-95daeac .elementor-heading-title{font-family:\"Roboto\", Sans-serif;font-weight:400;color:#000000;}.elementor-48 .elementor-element.elementor-element-50b8364{--display:flex;--flex-direction:row;--container-widget-width:calc( ( 1 - var( --container-widget-flex-grow ) ) * 100% );--container-widget-height:100%;--container-widget-flex-grow:1;--container-widget-align-self:stretch;--flex-wrap-mobile:wrap;--justify-content:space-between;--align-items:center;--margin-top:0px;--margin-bottom:0px;--margin-left:0px;--margin-right:0px;--padding-top:0px;--padding-bottom:0px;--padding-left:0px;--padding-right:0px;}.elementor-widget-text-editor{font-family:var( --e-global-typography-text-font-family ), Sans-serif;font-weight:var( --e-global-typography-text-font-weight );color:var( --e-global-color-text );}.elementor-widget-text-editor.elementor-drop-cap-view-stacked .elementor-drop-cap{background-color:var( --e-global-color-primary );}.elementor-widget-text-editor.elementor-drop-cap-view-framed .elementor-drop-cap, .elementor-widget-text-editor.elementor-drop-cap-view-default .elementor-drop-cap{color:var( --e-global-color-primary );border-color:var( --e-global-color-primary );}.elementor-widget-icon.elementor-view-stacked .elementor-icon{background-color:var( --e-global-color-primary );}.elementor-widget-icon.elementor-view-framed .elementor-icon, .elementor-widget-icon.elementor-view-default .elementor-icon{color:var( --e-global-color-primary );border-color:var( --e-global-color-primary );}.elementor-widget-icon.elementor-view-framed .elementor-icon, .elementor-widget-icon.elementor-view-default .elementor-icon svg{fill:var( --e-global-color-primary );}.elementor-48 .elementor-element.elementor-element-82b6105 .elementor-icon-wrapper{text-align:center;}.elementor-48 .elementor-element.elementor-element-82b6105.elementor-view-stacked .elementor-icon{background-color:#000000;}.elementor-48 .elementor-element.elementor-element-82b6105.elementor-view-framed .elementor-icon, .elementor-48 .elementor-element.elementor-element-82b6105.elementor-view-default .elementor-icon{color:#000000;border-color:#000000;}.elementor-48 .elementor-element.elementor-element-82b6105.elementor-view-framed .elementor-icon, .elementor-48 .elementor-element.elementor-element-82b6105.elementor-view-default .elementor-icon svg{fill:#000000;}.elementor-48 .elementor-element.elementor-element-82b6105 .elementor-icon{font-size:26px;}.elementor-48 .elementor-element.elementor-element-82b6105 .elementor-icon svg{height:26px;}\/* Start custom CSS for container, class: .elementor-element-8f984f7 *\/\/* Ukrywamy kontener .dane domy\u015blnie *\/\n.projekt .dane {\n  position: absolute;\n  left: 0;\n  right: 0;\n  bottom: 0;\n  background: rgba(240, 240, 240, 0.9);\n  padding: 20px;\n  opacity: 0;\n  transform: scaleY(0);\n  transform-origin: bottom; \/* punkt startu animacji przy dolnej kraw\u0119dzi *\/\n  transition: transform 0.4s ease, opacity 0.4s ease;\n  display: flex;\n  flex-direction: column;\n  gap: 6px;\n}\n\n\/* Pokazujemy po najechaniu na kontener nadrz\u0119dny *\/\n.projekt:hover .dane {\n  opacity: 1;\n  transform: scaleY(1);\n}\n\n\/* Teksty i ikona wewn\u0105trz *\/\n.projekt .dane h3,\n.projekt .dane p {\n  margin: 0;\n  color: #000;\n}\n\n.projekt .dane .metraz-row {\n  display: flex;\n  justify-content: space-between;\n  align-items: center;\n}\n\n.projekt .dane i {\n  font-size: 18px;\n  transition: transform 0.3s ease;\n}\n\n.projekt:hover .dane i {\n  transform: translateX(4px);\n}\n\n\/* \ud83d\udcf1 Na urz\u0105dzeniach mobilnych pasek jest zawsze widoczny *\/\n@media (max-width: 1024px) {\n  .projekt .dane {\n    opacity: 1;\n    transform: translateY(0);\n  }\n}\/* End custom CSS *\/<\/style>\t\t<div data-elementor-type=\"loop-item\" data-elementor-id=\"48\" class=\"elementor elementor-48 e-loop-item e-loop-item-51 post-51 projekt type-projekt status-publish has-post-thumbnail hentry\" data-elementor-post-type=\"elementor_library\" data-custom-edit-handle=\"1\">\n\t\t\t<div class=\"elementor-element elementor-element-8f984f7 projekt e-flex e-con-boxed e-con e-parent\" data-id=\"8f984f7\" data-element_type=\"container\" data-settings=\"{&quot;background_background&quot;:&quot;classic&quot;}\">\n\t\t\t\t\t<div class=\"e-con-inner\">\n\t\t<a class=\"elementor-element elementor-element-283da61 e-con-full dane e-flex e-con e-child\" data-id=\"283da61\" data-element_type=\"container\" data-settings=\"{&quot;background_background&quot;:&quot;classic&quot;,&quot;position&quot;:&quot;absolute&quot;}\" href=\"https:\/\/monaamer.com\/?projekt=projekt-testowy\">\n\t\t\t\t<div class=\"elementor-element elementor-element-95daeac elementor-widget elementor-widget-heading\" data-id=\"95daeac\" data-element_type=\"widget\" data-widget_type=\"heading.default\">\n\t\t\t\t\t<h3 class=\"elementor-heading-title elementor-size-default\">Projekt testowy<\/h3>\t\t\t\t<\/div>\n\t\t<div class=\"elementor-element elementor-element-50b8364 e-con-full e-flex e-con e-child\" data-id=\"50b8364\" data-element_type=\"container\">\n\t\t\t\t<div class=\"elementor-element elementor-element-8a7fd03 elementor-widget elementor-widget-text-editor\" data-id=\"8a7fd03\" data-element_type=\"widget\" data-widget_type=\"text-editor.default\">\n\t\t\t\t\t\t\t\t\t60 mkw\t\t\t\t\t\t\t\t<\/div>\n\t\t\t\t<div class=\"elementor-element elementor-element-82b6105 animated-slow elementor-view-default elementor-invisible elementor-widget elementor-widget-icon\" data-id=\"82b6105\" data-element_type=\"widget\" data-settings=\"{&quot;_animation&quot;:&quot;rubberBand&quot;}\" data-widget_type=\"icon.default\">\n\t\t\t\t\t\t\t<div class=\"elementor-icon-wrapper\">\n\t\t\t<div class=\"elementor-icon\">\n\t\t\t<svg aria-hidden=\"true\" class=\"e-font-icon-svg e-fas-arrow-right\" viewBox=\"0 0 448 512\" xmlns=\"http:\/\/www.w3.org\/2000\/svg\"><path d=\"M190.5 66.9l22.2-22.2c9.4-9.4 24.6-9.4 33.9 0L441 239c9.4 9.4 9.4 24.6 0 33.9L246.6 467.3c-9.4 9.4-24.6 9.4-33.9 0l-22.2-22.2c-9.5-9.5-9.3-25 .4-34.3L311.4 296H24c-13.3 0-24-10.7-24-24v-32c0-13.3 10.7-24 24-24h287.4L190.9 101.2c-9.8-9.3-10-24.8-.4-34.3z\"><\/path><\/svg>\t\t\t<\/div>\n\t\t<\/div>\n\t\t\t\t\t\t<\/div>\n\t\t\t\t<\/div>\n\t\t\t\t<\/a>\n\t\t\t\t\t<\/div>\n\t\t\t\t<\/div>\n\t\t\t\t<\/div>\n\t\t\t\t<\/div>\n\t\t\n\t\t\t\t\t\t<\/div>\n\t\t\t\t<\/div>\n\t\t\t\t\t<\/div>\n\t\t\t\t<\/div>\n\t\t<div class=\"elementor-element elementor-element-dc81903 e-flex e-con-boxed e-con e-parent\" data-id=\"dc81903\" data-element_type=\"container\" data-settings=\"{&quot;background_background&quot;:&quot;classic&quot;}\">\n\t\t\t\t\t<div class=\"e-con-inner\">\n\t\t\t\t<div class=\"elementor-element elementor-element-41e2576 elementor-widget elementor-widget-menu-anchor\" data-id=\"41e2576\" data-element_type=\"widget\" data-widget_type=\"menu-anchor.default\">\n\t\t\t\t\t\t\t<div class=\"elementor-menu-anchor\" id=\"kontakt\"><\/div>\n\t\t\t\t\t\t<\/div>\n\t\t\t\t<div class=\"elementor-element elementor-element-d9f1aff elementor-widget elementor-widget-heading\" data-id=\"d9f1aff\" data-element_type=\"widget\" data-widget_type=\"heading.default\">\n\t\t\t\t\t<h2 class=\"elementor-heading-title elementor-size-default\">Skontaktuj si\u0119 z nami<\/h2>\t\t\t\t<\/div>\n\t\t\t\t<div class=\"elementor-element elementor-element-e3bede7 elementor-button-align-center elementor-widget elementor-widget-form\" data-id=\"e3bede7\" data-element_type=\"widget\" data-settings=\"{&quot;step_next_label&quot;:&quot;Next&quot;,&quot;step_previous_label&quot;:&quot;Previous&quot;,&quot;button_width&quot;:&quot;100&quot;,&quot;step_type&quot;:&quot;number_text&quot;,&quot;step_icon_shape&quot;:&quot;circle&quot;}\" data-widget_type=\"form.default\">\n\t\t\t\t\t\t\t<form class=\"elementor-form\" method=\"post\" name=\"New Form\" aria-label=\"New Form\">\n\t\t\t<input type=\"hidden\" name=\"post_id\" value=\"10\"\/>\n\t\t\t<input type=\"hidden\" name=\"form_id\" value=\"e3bede7\"\/>\n\t\t\t<input type=\"hidden\" name=\"referer_title\" value=\"\" \/>\n\n\t\t\t\t\t\t\t<input type=\"hidden\" name=\"queried_id\" value=\"10\"\/>\n\t\t\t\n\t\t\t<div class=\"elementor-form-fields-wrapper elementor-labels-\">\n\t\t\t\t\t\t\t\t<div class=\"elementor-field-type-text elementor-field-group elementor-column elementor-field-group-name elementor-col-100 elementor-field-required\">\n\t\t\t\t\t\t\t\t\t\t\t\t<label for=\"form-field-name\" class=\"elementor-field-label elementor-screen-only\">\n\t\t\t\t\t\t\t\tname\t\t\t\t\t\t\t<\/label>\n\t\t\t\t\t\t\t\t\t\t\t\t\t\t<input size=\"1\" type=\"text\" name=\"form_fields[name]\" id=\"form-field-name\" class=\"elementor-field elementor-size-sm  elementor-field-textual\" placeholder=\"Imi\u0119 i nazwisko\" required=\"required\">\n\t\t\t\t\t\t\t\t\t\t\t<\/div>\n\t\t\t\t\t\t\t\t<div class=\"elementor-field-type-email elementor-field-group elementor-column elementor-field-group-email elementor-col-100 elementor-field-required\">\n\t\t\t\t\t\t\t\t\t\t\t\t<label for=\"form-field-email\" class=\"elementor-field-label elementor-screen-only\">\n\t\t\t\t\t\t\t\tEmail\t\t\t\t\t\t\t<\/label>\n\t\t\t\t\t\t\t\t\t\t\t\t\t\t<input size=\"1\" type=\"email\" name=\"form_fields[email]\" id=\"form-field-email\" class=\"elementor-field elementor-size-sm  elementor-field-textual\" placeholder=\"Email\" required=\"required\">\n\t\t\t\t\t\t\t\t\t\t\t<\/div>\n\t\t\t\t\t\t\t\t<div class=\"elementor-field-type-tel elementor-field-group elementor-column elementor-field-group-field_9bb8029 elementor-col-100\">\n\t\t\t\t\t\t\t\t\t\t\t\t<label for=\"form-field-field_9bb8029\" class=\"elementor-field-label elementor-screen-only\">\n\t\t\t\t\t\t\t\tTelefon\t\t\t\t\t\t\t<\/label>\n\t\t\t\t\t\t\t\t<input size=\"1\" type=\"tel\" name=\"form_fields[field_9bb8029]\" id=\"form-field-field_9bb8029\" class=\"elementor-field elementor-size-sm  elementor-field-textual\" placeholder=\"Telefon\" pattern=\"[0-9()#&amp;+*-=.]+\" title=\"Only numbers and phone characters (#, -, *, etc) are accepted.\">\n\n\t\t\t\t\t\t<\/div>\n\t\t\t\t\t\t\t\t<div class=\"elementor-field-type-textarea elementor-field-group elementor-column elementor-field-group-message elementor-col-100 elementor-field-required\">\n\t\t\t\t\t\t\t\t\t\t\t\t<label for=\"form-field-message\" class=\"elementor-field-label elementor-screen-only\">\n\t\t\t\t\t\t\t\tMessage\t\t\t\t\t\t\t<\/label>\n\t\t\t\t\t\t<textarea class=\"elementor-field-textual elementor-field  elementor-size-sm\" name=\"form_fields[message]\" id=\"form-field-message\" rows=\"4\" placeholder=\"Wiadomo\u015b\u0107\" required=\"required\"><\/textarea>\t\t\t\t<\/div>\n\t\t\t\t\t\t\t\t<div class=\"elementor-field-group elementor-column elementor-field-type-submit elementor-col-100 e-form__buttons\">\n\t\t\t\t\t<button class=\"elementor-button elementor-size-sm\" type=\"submit\">\n\t\t\t\t\t\t<span class=\"elementor-button-content-wrapper\">\n\t\t\t\t\t\t\t\t\t\t\t\t\t\t\t\t\t\t\t\t\t\t<span class=\"elementor-button-text\">Wy\u015blij<\/span>\n\t\t\t\t\t\t\t\t\t\t\t\t\t<\/span>\n\t\t\t\t\t<\/button>\n\t\t\t\t<\/div>\n\t\t\t<\/div>\n\t\t<\/form>\n\t\t\t\t\t\t<\/div>\n\t\t\t\t\t<\/div>\n\t\t\t\t<\/div>\n\t\t\t\t<\/div>\n\t\t","protected":false},"excerpt":{"rendered":"<p>O mnie MONA AMER Nazwa pracowni pochodzi od imienia i nazwiska w\u0142a\u015bcicielki firmy, posiadaj\u0105cej 20-letnie do\u015bwiadczenie w \u015bwiecie wn\u0119trzarskim, jednocze\u015bnie b\u0119d\u0105cej tw\u00f3rc\u0105 i koordynatorem wszystkich wizji i projekt\u00f3w realizowanych przez sw\u00f3j zesp\u00f3\u0142.\u00a0 Historia marki Biuro projektowe jawi si\u0119 w bran\u017cy wn\u0119trzarskiej od ponad 15 lat, pozostawiaj\u0105c pod swoim szyldem przesz\u0142o 100 projekt\u00f3w. Obecnie siedziba pracowni [&hellip;]<\/p>\n","protected":false},"author":1,"featured_media":0,"parent":0,"menu_order":0,"comment_status":"closed","ping_status":"closed","template":"","meta":{"_acf_changed":false,"footnotes":""},"class_list":["post-10","page","type-page","status-publish","hentry"],"acf":[],"_links":{"self":[{"href":"https:\/\/monaamer.com\/index.php?rest_route=\/wp\/v2\/pages\/10","targetHints":{"allow":["GET"]}}],"collection":[{"href":"https:\/\/monaamer.com\/index.php?rest_route=\/wp\/v2\/pages"}],"about":[{"href":"https:\/\/monaamer.com\/index.php?rest_route=\/wp\/v2\/types\/page"}],"author":[{"embeddable":true,"href":"https:\/\/monaamer.com\/index.php?rest_route=\/wp\/v2\/users\/1"}],"replies":[{"embeddable":true,"href":"https:\/\/monaamer.com\/index.php?rest_route=%2Fwp%2Fv2%2Fcomments&post=10"}],"version-history":[{"count":49,"href":"https:\/\/monaamer.com\/index.php?rest_route=\/wp\/v2\/pages\/10\/revisions"}],"predecessor-version":[{"id":119,"href":"https:\/\/monaamer.com\/index.php?rest_route=\/wp\/v2\/pages\/10\/revisions\/119"}],"wp:attachment":[{"href":"https:\/\/monaamer.com\/index.php?rest_route=%2Fwp%2Fv2%2Fmedia&parent=10"}],"curies":[{"name":"wp","href":"https:\/\/api.w.org\/{rel}","templated":true}]}}